{"id":23608,"date":"2023-11-09T12:14:48","date_gmt":"2023-11-09T11:14:48","guid":{"rendered":"http:\/\/localhost:8888\/?page_id=23608"},"modified":"2025-05-22T16:35:48","modified_gmt":"2025-05-22T14:35:48","slug":"diffusion","status":"publish","type":"page","link":"http:\/\/bkn.fr\/de\/diffusion\/","title":{"rendered":"VERTRIEB"},"content":{"rendered":"<div data-elementor-type=\"wp-page\" data-elementor-id=\"23608\" class=\"elementor elementor-23608\" data-elementor-post-type=\"page\">\n\t\t\t\t<div class=\"elementor-element elementor-element-475b230 e-con-full contenu-site e-flex wpr-particle-no wpr-jarallax-no wpr-parallax-no wpr-sticky-section-no e-con e-parent\" data-id=\"475b230\" data-element_type=\"container\">\n\t\t<div class=\"elementor-element elementor-element-40e05a6 e-con-full elementor-hidden-tablet elementor-hidden-mobile e-flex wpr-particle-no wpr-jarallax-no wpr-parallax-no wpr-sticky-section-no e-con e-child\" data-id=\"40e05a6\" data-element_type=\"container\">\n\t\t\t\t<div class=\"elementor-element elementor-element-6eb1c55 elementor-widget__width-inherit elementor-hidden-tablet elementor-hidden-mobile elementor-widget elementor-widget-image\" data-id=\"6eb1c55\" data-element_type=\"widget\" id=\"redcircle-bkn\" data-widget_type=\"image.default\">\n\t\t\t\t<div class=\"elementor-widget-container\">\n\t\t\t\t\t\t\t\t\t\t\t\t\t\t\t<img fetchpriority=\"high\" decoding=\"async\" width=\"366\" height=\"732\" src=\"https:\/\/bkn.fr\/wp-content\/uploads\/2023\/12\/Ellipse-DiffusionRedaction.png\" class=\"attachment-large size-large wp-image-25453\" alt=\"\" srcset=\"https:\/\/bkn.fr\/wp-content\/uploads\/2023\/12\/Ellipse-DiffusionRedaction.png 366w, https:\/\/bkn.fr\/wp-content\/uploads\/2023\/12\/Ellipse-DiffusionRedaction-150x300.png 150w, https:\/\/bkn.fr\/wp-content\/uploads\/2023\/12\/Ellipse-DiffusionRedaction-120x240.png 120w, https:\/\/bkn.fr\/wp-content\/uploads\/2023\/12\/Ellipse-DiffusionRedaction-81x162.png 81w\" sizes=\"(max-width: 366px) 100vw, 366px\" \/>\t\t\t\t\t\t\t\t\t\t\t\t\t\t\t<\/div>\n\t\t\t\t<\/div>\n\t\t\t\t<\/div>\n\t\t<div class=\"elementor-element elementor-element-20eb4bf e-con-full e-flex wpr-particle-no wpr-jarallax-no wpr-parallax-no wpr-sticky-section-no e-con e-child\" data-id=\"20eb4bf\" data-element_type=\"container\">\n\t\t\t\t<div class=\"elementor-element elementor-element-e4245ec elementor-widget__width-initial elementor-widget elementor-widget-heading\" data-id=\"e4245ec\" data-element_type=\"widget\" data-widget_type=\"heading.default\">\n\t\t\t\t<div class=\"elementor-widget-container\">\n\t\t\t\t\t<h2 class=\"elementor-heading-title elementor-size-default\">M\u00d6CHTEN SIE IHRE DRUCKMATERIALIEN VERTEILEN?<\/h2>\t\t\t\t<\/div>\n\t\t\t\t<\/div>\n\t\t\t\t<div class=\"elementor-element elementor-element-70e5dc1 elementor-widget elementor-widget-button\" data-id=\"70e5dc1\" data-element_type=\"widget\" data-widget_type=\"button.default\">\n\t\t\t\t<div class=\"elementor-widget-container\">\n\t\t\t\t\t\t\t\t\t<div class=\"elementor-button-wrapper\">\n\t\t\t\t\t<a class=\"elementor-button elementor-size-sm\" role=\"button\">\n\t\t\t\t\t\t<span class=\"elementor-button-content-wrapper\">\n\t\t\t\t\t\t\t\t\t<span class=\"elementor-button-text\">Plakate, Brosch\u00fcren, Flyer...<\/span>\n\t\t\t\t\t<\/span>\n\t\t\t\t\t<\/a>\n\t\t\t\t<\/div>\n\t\t\t\t\t\t\t\t<\/div>\n\t\t\t\t<\/div>\n\t\t\t\t<div class=\"elementor-element elementor-element-c870a84 elementor-widget elementor-widget-spacer\" data-id=\"c870a84\" data-element_type=\"widget\" data-widget_type=\"spacer.default\">\n\t\t\t\t<div class=\"elementor-widget-container\">\n\t\t\t\t\t\t\t<div class=\"elementor-spacer\">\n\t\t\t<div class=\"elementor-spacer-inner\"><\/div>\n\t\t<\/div>\n\t\t\t\t\t\t<\/div>\n\t\t\t\t<\/div>\n\t\t<div class=\"elementor-element elementor-element-a3ad2bb e-flex e-con-boxed wpr-particle-no wpr-jarallax-no wpr-parallax-no wpr-sticky-section-no e-con e-child\" data-id=\"a3ad2bb\" data-element_type=\"container\">\n\t\t\t\t\t<div class=\"e-con-inner\">\n\t\t\t\t<div class=\"elementor-element elementor-element-2a6475d elementor-widget elementor-widget-text-editor\" data-id=\"2a6475d\" data-element_type=\"widget\" data-widget_type=\"text-editor.default\">\n\t\t\t\t<div class=\"elementor-widget-container\">\n\t\t\t\t\t\t\t\t\t<p>Beispiele f\u00fcr\u00a0<br \/><span style=\"text-align: var(--text-align);\">Vertriebspunkte...<\/span><\/p>\t\t\t\t\t\t\t\t<\/div>\n\t\t\t\t<\/div>\n\t\t\t\t<div class=\"elementor-element elementor-element-f03587d elementor-icon-list--layout-traditional elementor-list-item-link-full_width elementor-widget elementor-widget-icon-list\" data-id=\"f03587d\" data-element_type=\"widget\" data-widget_type=\"icon-list.default\">\n\t\t\t\t<div class=\"elementor-widget-container\">\n\t\t\t\t\t\t\t<ul class=\"elementor-icon-list-items\">\n\t\t\t\t\t\t\t<li class=\"elementor-icon-list-item\">\n\t\t\t\t\t\t\t\t\t\t\t<span class=\"elementor-icon-list-icon\">\n\t\t\t\t\t\t\t<i aria-hidden=\"true\" class=\"far fa-window-minimize\"><\/i>\t\t\t\t\t\t<\/span>\n\t\t\t\t\t\t\t\t\t\t<span class=\"elementor-icon-list-text\">Orte des \u00d6ffentlichen Verwaltung und Kultursinstitutionen<\/span>\n\t\t\t\t\t\t\t\t\t<\/li>\n\t\t\t\t\t\t<\/ul>\n\t\t\t\t\t\t<\/div>\n\t\t\t\t<\/div>\n\t\t\t\t<div class=\"elementor-element elementor-element-11fde5a elementor-icon-list--layout-traditional elementor-list-item-link-full_width elementor-widget elementor-widget-icon-list\" data-id=\"11fde5a\" data-element_type=\"widget\" data-widget_type=\"icon-list.default\">\n\t\t\t\t<div class=\"elementor-widget-container\">\n\t\t\t\t\t\t\t<ul class=\"elementor-icon-list-items\">\n\t\t\t\t\t\t\t<li class=\"elementor-icon-list-item\">\n\t\t\t\t\t\t\t\t\t\t\t<span class=\"elementor-icon-list-icon\">\n\t\t\t\t\t\t\t<i aria-hidden=\"true\" class=\"far fa-window-minimize\"><\/i>\t\t\t\t\t\t<\/span>\n\t\t\t\t\t\t\t\t\t\t<span class=\"elementor-icon-list-text\">Orte mit viel Publikumnsverkehr (CAF\u00c9S, RESTAURANTS USW...)<\/span>\n\t\t\t\t\t\t\t\t\t<\/li>\n\t\t\t\t\t\t<\/ul>\n\t\t\t\t\t\t<\/div>\n\t\t\t\t<\/div>\n\t\t\t\t<div class=\"elementor-element elementor-element-3e691e8 elementor-icon-list--layout-traditional elementor-list-item-link-full_width elementor-widget elementor-widget-icon-list\" data-id=\"3e691e8\" data-element_type=\"widget\" data-widget_type=\"icon-list.default\">\n\t\t\t\t<div class=\"elementor-widget-container\">\n\t\t\t\t\t\t\t<ul class=\"elementor-icon-list-items\">\n\t\t\t\t\t\t\t<li class=\"elementor-icon-list-item\">\n\t\t\t\t\t\t\t\t\t\t\t<span class=\"elementor-icon-list-icon\">\n\t\t\t\t\t\t\t<i aria-hidden=\"true\" class=\"far fa-window-minimize\"><\/i>\t\t\t\t\t\t<\/span>\n\t\t\t\t\t\t\t\t\t\t<span class=\"elementor-icon-list-text\">GESCH\u00c4FTE<\/span>\n\t\t\t\t\t\t\t\t\t<\/li>\n\t\t\t\t\t\t<\/ul>\n\t\t\t\t\t\t<\/div>\n\t\t\t\t<\/div>\n\t\t\t\t<div class=\"elementor-element elementor-element-76c385c elementor-icon-list--layout-traditional elementor-list-item-link-full_width elementor-widget elementor-widget-icon-list\" data-id=\"76c385c\" data-element_type=\"widget\" data-widget_type=\"icon-list.default\">\n\t\t\t\t<div class=\"elementor-widget-container\">\n\t\t\t\t\t\t\t<ul class=\"elementor-icon-list-items\">\n\t\t\t\t\t\t\t<li class=\"elementor-icon-list-item\">\n\t\t\t\t\t\t\t\t\t\t\t<span class=\"elementor-icon-list-icon\">\n\t\t\t\t\t\t\t<i aria-hidden=\"true\" class=\"far fa-window-minimize\"><\/i>\t\t\t\t\t\t<\/span>\n\t\t\t\t\t\t\t\t\t\t<span class=\"elementor-icon-list-text\">BRIEFK\u00c4STEN<\/span>\n\t\t\t\t\t\t\t\t\t<\/li>\n\t\t\t\t\t\t<\/ul>\n\t\t\t\t\t\t<\/div>\n\t\t\t\t<\/div>\n\t\t\t\t\t<\/div>\n\t\t\t\t<\/div>\n\t\t\t\t<div class=\"elementor-element elementor-element-2cfb8e0 elementor-widget elementor-widget-spacer\" data-id=\"2cfb8e0\" data-element_type=\"widget\" data-widget_type=\"spacer.default\">\n\t\t\t\t<div class=\"elementor-widget-container\">\n\t\t\t\t\t\t\t<div class=\"elementor-spacer\">\n\t\t\t<div class=\"elementor-spacer-inner\"><\/div>\n\t\t<\/div>\n\t\t\t\t\t\t<\/div>\n\t\t\t\t<\/div>\n\t\t<div class=\"elementor-element elementor-element-ccc8abb e-flex e-con-boxed wpr-particle-no wpr-jarallax-no wpr-parallax-no wpr-sticky-section-no e-con e-child\" data-id=\"ccc8abb\" data-element_type=\"container\">\n\t\t\t\t\t<div class=\"e-con-inner\">\n\t\t\t\t<div class=\"elementor-element elementor-element-30d3cbd elementor-widget__width-initial elementor-widget elementor-widget-heading\" data-id=\"30d3cbd\" data-element_type=\"widget\" data-widget_type=\"heading.default\">\n\t\t\t\t<div class=\"elementor-widget-container\">\n\t\t\t\t\t<h2 class=\"elementor-heading-title elementor-size-default\">Vertrieb&nbsp;<div>und Direktmarketing<span style=\"letter-spacing: 0px;text-align: var(--text-align)\"><\/span><\/div><\/h2>\t\t\t\t<\/div>\n\t\t\t\t<\/div>\n\t\t\t\t<div class=\"elementor-element elementor-element-ee6e542 elementor-widget__width-initial elementor-widget elementor-widget-text-editor\" data-id=\"ee6e542\" data-element_type=\"widget\" data-widget_type=\"text-editor.default\">\n\t\t\t\t<div class=\"elementor-widget-container\">\n\t\t\t\t\t\t\t\t\t<p>Wir spezialisieren uns auf spezifische und atypische Aufgaben, wie z. B. die Sensibilisierung einer Zielgruppe \u00fcber die Installation von Kommunikationsmitteln in der Stadt und die Ausstrahlung von Sendungen an bestimmten und ausgew\u00e4hlten Orten. Wir sind haupts\u00e4chlich im Elsass, in Lothringen und in den Nachbarl\u00e4ndern (Deutschland, Schweiz, Luxemburg) t\u00e4tig.<\/p>\t\t\t\t\t\t\t\t<\/div>\n\t\t\t\t<\/div>\n\t\t\t\t\t<\/div>\n\t\t\t\t<\/div>\n\t\t<div class=\"elementor-element elementor-element-829a6b2 e-flex e-con-boxed wpr-particle-no wpr-jarallax-no wpr-parallax-no wpr-sticky-section-no e-con e-child\" data-id=\"829a6b2\" data-element_type=\"container\">\n\t\t\t\t\t<div class=\"e-con-inner\">\n\t\t\t\t<div class=\"elementor-element elementor-element-0e8c45e elementor-widget-tablet__width-inherit elementor-widget elementor-widget-heading\" data-id=\"0e8c45e\" data-element_type=\"widget\" data-widget_type=\"heading.default\">\n\t\t\t\t<div class=\"elementor-widget-container\">\n\t\t\t\t\t<h2 class=\"elementor-heading-title elementor-size-default\">Unsere Werbekunden<\/h2>\t\t\t\t<\/div>\n\t\t\t\t<\/div>\n\t\t\t\t<div class=\"elementor-element elementor-element-ef1d24c elementor-widget__width-initial elementor-widget elementor-widget-text-editor\" data-id=\"ef1d24c\" data-element_type=\"widget\" data-widget_type=\"text-editor.default\">\n\t\t\t\t<div class=\"elementor-widget-container\">\n\t\t\t\t\t\t\t\t\t<p>Medien, Kulturinstitutionen, lokale und internationale Unternehmen, Gemeinden, Vereine, H\u00e4ndler\u2026<\/p>\t\t\t\t\t\t\t\t<\/div>\n\t\t\t\t<\/div>\n\t\t\t\t\t<\/div>\n\t\t\t\t<\/div>\n\t\t<div class=\"elementor-element elementor-element-fbdec86 e-flex e-con-boxed wpr-particle-no wpr-jarallax-no wpr-parallax-no wpr-sticky-section-no e-con e-child\" data-id=\"fbdec86\" data-element_type=\"container\">\n\t\t\t\t\t<div class=\"e-con-inner\">\n\t\t\t\t<div class=\"elementor-element elementor-element-124b550 elementor-widget__width-initial elementor-widget elementor-widget-text-editor\" data-id=\"124b550\" data-element_type=\"widget\" data-widget_type=\"text-editor.default\">\n\t\t\t\t<div class=\"elementor-widget-container\">\n\t\t\t\t\t\t\t\t\tBen\u00f6tigen Sie Hilfe bei der Organisation Ihres Vertriebs, der Einsch\u00e4tzung der ben\u00f6tigten Menge an Vertriebsmaterial oder der Auswahl der geeigneten Region \u2026\n<span style=\"color: #fc1c35;\"> <br>Eine Frage? Einen Kostenvorschlag?<\/span>\t\t\t\t\t\t\t\t<\/div>\n\t\t\t\t<\/div>\n\t\t\t\t<div class=\"elementor-element elementor-element-942165e elementor-widget elementor-widget-button\" data-id=\"942165e\" data-element_type=\"widget\" data-widget_type=\"button.default\">\n\t\t\t\t<div class=\"elementor-widget-container\">\n\t\t\t\t\t\t\t\t\t<div class=\"elementor-button-wrapper\">\n\t\t\t\t\t<a class=\"elementor-button elementor-button-link elementor-size-sm\" href=\"https:\/\/bkn.fr\/de\/contact\/\" target=\"_blank\">\n\t\t\t\t\t\t<span class=\"elementor-button-content-wrapper\">\n\t\t\t\t\t\t\t\t\t<span class=\"elementor-button-text\">KONTAKTIEREN SIE UNS!<\/span>\n\t\t\t\t\t<\/span>\n\t\t\t\t\t<\/a>\n\t\t\t\t<\/div>\n\t\t\t\t\t\t\t\t<\/div>\n\t\t\t\t<\/div>\n\t\t\t\t\t<\/div>\n\t\t\t\t<\/div>\n\t\t<div class=\"elementor-element elementor-element-6f2ada7 e-flex e-con-boxed wpr-particle-no wpr-jarallax-no wpr-parallax-no wpr-sticky-section-no e-con e-child\" data-id=\"6f2ada7\" data-element_type=\"container\">\n\t\t\t\t\t<div class=\"e-con-inner\">\n\t\t\t\t<div class=\"elementor-element elementor-element-edf20fc elementor-widget__width-initial elementor-widget elementor-widget-text-editor\" data-id=\"edf20fc\" data-element_type=\"widget\" data-widget_type=\"text-editor.default\">\n\t\t\t\t<div class=\"elementor-widget-container\">\n\t\t\t\t\t\t\t\t\t<p>Strasbourg \u00a0 \u00a0 <span style=\"color: #ff0000;\">03 90 22 93 30<\/span><\/p><p>Nancy \u00a0 \u00a0 \u00a0 \u00a0 \u00a0 \u00a0 <span style=\"color: #ff0000;\">03 83 92 42 42<\/span><\/p><p>diffusion@bkn.fr<\/p>\t\t\t\t\t\t\t\t<\/div>\n\t\t\t\t<\/div>\n\t\t\t\t\t<\/div>\n\t\t\t\t<\/div>\n\t\t\t\t<div class=\"elementor-element elementor-element-49510a6 elementor-hidden-tablet elementor-hidden-mobile elementor-widget elementor-widget-spacer\" data-id=\"49510a6\" data-element_type=\"widget\" data-widget_type=\"spacer.default\">\n\t\t\t\t<div class=\"elementor-widget-container\">\n\t\t\t\t\t\t\t<div class=\"elementor-spacer\">\n\t\t\t<div class=\"elementor-spacer-inner\"><\/div>\n\t\t<\/div>\n\t\t\t\t\t\t<\/div>\n\t\t\t\t<\/div>\n\t\t\t\t<\/div>\n\t\t\t\t<\/div>\n\t\t\t\t<\/div>","protected":false},"excerpt":{"rendered":"<p>BESOIN DE DIFFUSER VOS IMPRIM\u00c9S ? affiches, brochures, flyers&#8230; Exemples de points\u00a0de diffusion&#8230; STRUCTURES ADMINISTRATIVES ET CULTURELLES LIEUX DE PASSAGES (CAF\u00c9S, RESTAURANTS&#8230;) COMMERCES BO\u00ceTES AUX LETTRES Diffusion&nbsp;et marketing direct Nous sommes sp\u00e9cialis\u00e9s dans des missions pr\u00e9cises et atypiques, comme par exemple la sensibilisation d\u2019un public cible en \u00e9tant d\u00e9guis\u00e9, en mati\u00e8re d\u2019installation d\u2019outils de communication dans la ville, de diffusion dans des lieux sp\u00e9cifiques et choisis. Nous op\u00e9rons principalement en Alsace, Lorraine et dans les pays limitrophes (Allemagne, Suisse, Luxembourg) nos annonceurs Des m\u00e9dias, des institutions culturelles, des entreprises locales comme internationales, des collectivit\u00e9s, des associations, des commer\u00e7ants\u2026 Besoin d&rsquo;aide pour organiser votre diffusion, d&rsquo;exprimer une quantit\u00e9, de cibler une zone&#8230; Une Question ? Un devis ? CONTACTEZ-NOUS ! Strasbourg \u00a0 \u00a0 03 90 22 93 30 Nancy \u00a0 \u00a0 \u00a0 \u00a0 \u00a0 \u00a0 03 83 92 42 42 diffusion@bkn.fr<\/p>","protected":false},"author":1,"featured_media":0,"parent":0,"menu_order":0,"comment_status":"closed","ping_status":"closed","template":"","meta":{"_exactmetrics_skip_tracking":false,"_exactmetrics_sitenote_active":false,"_exactmetrics_sitenote_note":"","_exactmetrics_sitenote_category":0,"_monsterinsights_skip_tracking":false,"_monsterinsights_sitenote_active":false,"_monsterinsights_sitenote_note":"","_monsterinsights_sitenote_category":0,"footnotes":""},"class_list":["post-23608","page","type-page","status-publish","hentry"],"yoast_head":"<!-- This site is optimized with the Yoast SEO plugin v24.5 - https:\/\/yoast.com\/wordpress\/plugins\/seo\/ -->\n<title>DIFFUSION - Agence BKN<\/title>\n<meta name=\"robots\" content=\"index, follow, max-snippet:-1, max-image-preview:large, max-video-preview:-1\" \/>\n<link rel=\"canonical\" href=\"https:\/\/bkn.fr\/de\/diffusion\/\" \/>\n<meta property=\"og:locale\" content=\"de_DE\" \/>\n<meta property=\"og:type\" content=\"article\" \/>\n<meta property=\"og:title\" content=\"DIFFUSION - Agence BKN\" \/>\n<meta property=\"og:description\" content=\"BESOIN DE DIFFUSER VOS IMPRIM\u00c9S ? affiches, brochures, flyers&#8230; Exemples de points\u00a0de diffusion&#8230; STRUCTURES ADMINISTRATIVES ET CULTURELLES LIEUX DE PASSAGES (CAF\u00c9S, RESTAURANTS&#8230;) COMMERCES BO\u00ceTES AUX LETTRES Diffusion&nbsp;et marketing direct Nous sommes sp\u00e9cialis\u00e9s dans des missions pr\u00e9cises et atypiques, comme par exemple la sensibilisation d\u2019un public cible en \u00e9tant d\u00e9guis\u00e9, en mati\u00e8re d\u2019installation d\u2019outils de communication dans la ville, de diffusion dans des lieux sp\u00e9cifiques et choisis. Nous op\u00e9rons principalement en Alsace, Lorraine et dans les pays limitrophes (Allemagne, Suisse, Luxembourg) nos annonceurs Des m\u00e9dias, des institutions culturelles, des entreprises locales comme internationales, des collectivit\u00e9s, des associations, des commer\u00e7ants\u2026 Besoin d&rsquo;aide pour organiser votre diffusion, d&rsquo;exprimer une quantit\u00e9, de cibler une zone&#8230; Une Question ? Un devis ? CONTACTEZ-NOUS ! Strasbourg \u00a0 \u00a0 03 90 22 93 30 Nancy \u00a0 \u00a0 \u00a0 \u00a0 \u00a0 \u00a0 03 83 92 42 42 diffusion@bkn.fr\" \/>\n<meta property=\"og:url\" content=\"https:\/\/bkn.fr\/de\/diffusion\/\" \/>\n<meta property=\"og:site_name\" content=\"Agence BKN\" \/>\n<meta property=\"article:publisher\" content=\"https:\/\/www.facebook.com\/agence.bkn\/?locale=fr_FR\" \/>\n<meta property=\"article:modified_time\" content=\"2025-05-22T14:35:48+00:00\" \/>\n<meta property=\"og:image\" content=\"https:\/\/bkn.fr\/wp-content\/uploads\/2023\/12\/Ellipse-DiffusionRedaction.png\" \/>\n\t<meta property=\"og:image:width\" content=\"366\" \/>\n\t<meta property=\"og:image:height\" content=\"732\" \/>\n\t<meta property=\"og:image:type\" content=\"image\/png\" \/>\n<meta name=\"twitter:card\" content=\"summary_large_image\" \/>\n<meta name=\"twitter:label1\" content=\"Gesch\u00e4tzte Lesezeit\" \/>\n\t<meta name=\"twitter:data1\" content=\"1\u00a0Minute\" \/>\n<script type=\"application\/ld+json\" class=\"yoast-schema-graph\">{\"@context\":\"https:\/\/schema.org\",\"@graph\":[{\"@type\":\"WebPage\",\"@id\":\"https:\/\/bkn.fr\/diffusion\/\",\"url\":\"https:\/\/bkn.fr\/diffusion\/\",\"name\":\"DIFFUSION - Agence BKN\",\"isPartOf\":{\"@id\":\"https:\/\/bkn.fr\/#website\"},\"primaryImageOfPage\":{\"@id\":\"https:\/\/bkn.fr\/diffusion\/#primaryimage\"},\"image\":{\"@id\":\"https:\/\/bkn.fr\/diffusion\/#primaryimage\"},\"thumbnailUrl\":\"https:\/\/bkn.fr\/wp-content\/uploads\/2023\/12\/Ellipse-DiffusionRedaction.png\",\"datePublished\":\"2023-11-09T11:14:48+00:00\",\"dateModified\":\"2025-05-22T14:35:48+00:00\",\"breadcrumb\":{\"@id\":\"https:\/\/bkn.fr\/diffusion\/#breadcrumb\"},\"inLanguage\":\"de\",\"potentialAction\":[{\"@type\":\"ReadAction\",\"target\":[\"https:\/\/bkn.fr\/diffusion\/\"]}]},{\"@type\":\"ImageObject\",\"inLanguage\":\"de\",\"@id\":\"https:\/\/bkn.fr\/diffusion\/#primaryimage\",\"url\":\"https:\/\/bkn.fr\/wp-content\/uploads\/2023\/12\/Ellipse-DiffusionRedaction.png\",\"contentUrl\":\"https:\/\/bkn.fr\/wp-content\/uploads\/2023\/12\/Ellipse-DiffusionRedaction.png\"},{\"@type\":\"BreadcrumbList\",\"@id\":\"https:\/\/bkn.fr\/diffusion\/#breadcrumb\",\"itemListElement\":[{\"@type\":\"ListItem\",\"position\":1,\"name\":\"Accueil\",\"item\":\"https:\/\/bkn.fr\/\"},{\"@type\":\"ListItem\",\"position\":2,\"name\":\"DIFFUSION\"}]},{\"@type\":\"WebSite\",\"@id\":\"https:\/\/bkn.fr\/#website\",\"url\":\"https:\/\/bkn.fr\/\",\"name\":\"Agence BKN\",\"description\":\"\",\"publisher\":{\"@id\":\"https:\/\/bkn.fr\/#organization\"},\"alternateName\":\"Agence BKN\",\"potentialAction\":[{\"@type\":\"SearchAction\",\"target\":{\"@type\":\"EntryPoint\",\"urlTemplate\":\"https:\/\/bkn.fr\/?s={search_term_string}\"},\"query-input\":{\"@type\":\"PropertyValueSpecification\",\"valueRequired\":true,\"valueName\":\"search_term_string\"}}],\"inLanguage\":\"de\"},{\"@type\":\"Organization\",\"@id\":\"https:\/\/bkn.fr\/#organization\",\"name\":\"Agence BKN\",\"alternateName\":\"Agence BKN\",\"url\":\"https:\/\/bkn.fr\/\",\"logo\":{\"@type\":\"ImageObject\",\"inLanguage\":\"de\",\"@id\":\"https:\/\/bkn.fr\/#\/schema\/logo\/image\/\",\"url\":\"https:\/\/bkn.fr\/wp-content\/uploads\/2024\/01\/logo-bknROUGE.png\",\"contentUrl\":\"https:\/\/bkn.fr\/wp-content\/uploads\/2024\/01\/logo-bknROUGE.png\",\"width\":2284,\"height\":637,\"caption\":\"Agence BKN\"},\"image\":{\"@id\":\"https:\/\/bkn.fr\/#\/schema\/logo\/image\/\"},\"sameAs\":[\"https:\/\/www.facebook.com\/agence.bkn\/?locale=fr_FR\"]}]}<\/script>\n<!-- \/ Yoast SEO plugin. -->","yoast_head_json":{"title":"DIFFUSION - Agence BKN","robots":{"index":"index","follow":"follow","max-snippet":"max-snippet:-1","max-image-preview":"max-image-preview:large","max-video-preview":"max-video-preview:-1"},"canonical":"https:\/\/bkn.fr\/de\/diffusion\/","og_locale":"de_DE","og_type":"article","og_title":"DIFFUSION - Agence BKN","og_description":"BESOIN DE DIFFUSER VOS IMPRIM\u00c9S ? affiches, brochures, flyers&#8230; Exemples de points\u00a0de diffusion&#8230; STRUCTURES ADMINISTRATIVES ET CULTURELLES LIEUX DE PASSAGES (CAF\u00c9S, RESTAURANTS&#8230;) COMMERCES BO\u00ceTES AUX LETTRES Diffusion&nbsp;et marketing direct Nous sommes sp\u00e9cialis\u00e9s dans des missions pr\u00e9cises et atypiques, comme par exemple la sensibilisation d\u2019un public cible en \u00e9tant d\u00e9guis\u00e9, en mati\u00e8re d\u2019installation d\u2019outils de communication dans la ville, de diffusion dans des lieux sp\u00e9cifiques et choisis. Nous op\u00e9rons principalement en Alsace, Lorraine et dans les pays limitrophes (Allemagne, Suisse, Luxembourg) nos annonceurs Des m\u00e9dias, des institutions culturelles, des entreprises locales comme internationales, des collectivit\u00e9s, des associations, des commer\u00e7ants\u2026 Besoin d&rsquo;aide pour organiser votre diffusion, d&rsquo;exprimer une quantit\u00e9, de cibler une zone&#8230; Une Question ? Un devis ? CONTACTEZ-NOUS ! Strasbourg \u00a0 \u00a0 03 90 22 93 30 Nancy \u00a0 \u00a0 \u00a0 \u00a0 \u00a0 \u00a0 03 83 92 42 42 diffusion@bkn.fr","og_url":"https:\/\/bkn.fr\/de\/diffusion\/","og_site_name":"Agence BKN","article_publisher":"https:\/\/www.facebook.com\/agence.bkn\/?locale=fr_FR","article_modified_time":"2025-05-22T14:35:48+00:00","og_image":[{"width":366,"height":732,"url":"https:\/\/bkn.fr\/wp-content\/uploads\/2023\/12\/Ellipse-DiffusionRedaction.png","type":"image\/png"}],"twitter_card":"summary_large_image","twitter_misc":{"Gesch\u00e4tzte Lesezeit":"1\u00a0Minute"},"schema":{"@context":"https:\/\/schema.org","@graph":[{"@type":"WebPage","@id":"https:\/\/bkn.fr\/diffusion\/","url":"https:\/\/bkn.fr\/diffusion\/","name":"DIFFUSION - Agence BKN","isPartOf":{"@id":"https:\/\/bkn.fr\/#website"},"primaryImageOfPage":{"@id":"https:\/\/bkn.fr\/diffusion\/#primaryimage"},"image":{"@id":"https:\/\/bkn.fr\/diffusion\/#primaryimage"},"thumbnailUrl":"https:\/\/bkn.fr\/wp-content\/uploads\/2023\/12\/Ellipse-DiffusionRedaction.png","datePublished":"2023-11-09T11:14:48+00:00","dateModified":"2025-05-22T14:35:48+00:00","breadcrumb":{"@id":"https:\/\/bkn.fr\/diffusion\/#breadcrumb"},"inLanguage":"de","potentialAction":[{"@type":"ReadAction","target":["https:\/\/bkn.fr\/diffusion\/"]}]},{"@type":"ImageObject","inLanguage":"de","@id":"https:\/\/bkn.fr\/diffusion\/#primaryimage","url":"https:\/\/bkn.fr\/wp-content\/uploads\/2023\/12\/Ellipse-DiffusionRedaction.png","contentUrl":"https:\/\/bkn.fr\/wp-content\/uploads\/2023\/12\/Ellipse-DiffusionRedaction.png"},{"@type":"BreadcrumbList","@id":"https:\/\/bkn.fr\/diffusion\/#breadcrumb","itemListElement":[{"@type":"ListItem","position":1,"name":"Accueil","item":"https:\/\/bkn.fr\/"},{"@type":"ListItem","position":2,"name":"DIFFUSION"}]},{"@type":"WebSite","@id":"https:\/\/bkn.fr\/#website","url":"https:\/\/bkn.fr\/","name":"Agence BKN","description":"","publisher":{"@id":"https:\/\/bkn.fr\/#organization"},"alternateName":"Agence BKN","potentialAction":[{"@type":"SearchAction","target":{"@type":"EntryPoint","urlTemplate":"https:\/\/bkn.fr\/?s={search_term_string}"},"query-input":{"@type":"PropertyValueSpecification","valueRequired":true,"valueName":"search_term_string"}}],"inLanguage":"de"},{"@type":"Organization","@id":"https:\/\/bkn.fr\/#organization","name":"Agence BKN","alternateName":"Agence BKN","url":"https:\/\/bkn.fr\/","logo":{"@type":"ImageObject","inLanguage":"de","@id":"https:\/\/bkn.fr\/#\/schema\/logo\/image\/","url":"https:\/\/bkn.fr\/wp-content\/uploads\/2024\/01\/logo-bknROUGE.png","contentUrl":"https:\/\/bkn.fr\/wp-content\/uploads\/2024\/01\/logo-bknROUGE.png","width":2284,"height":637,"caption":"Agence BKN"},"image":{"@id":"https:\/\/bkn.fr\/#\/schema\/logo\/image\/"},"sameAs":["https:\/\/www.facebook.com\/agence.bkn\/?locale=fr_FR"]}]}},"_links":{"self":[{"href":"http:\/\/bkn.fr\/de\/wp-json\/wp\/v2\/pages\/23608","targetHints":{"allow":["GET"]}}],"collection":[{"href":"http:\/\/bkn.fr\/de\/wp-json\/wp\/v2\/pages"}],"about":[{"href":"http:\/\/bkn.fr\/de\/wp-json\/wp\/v2\/types\/page"}],"author":[{"embeddable":true,"href":"http:\/\/bkn.fr\/de\/wp-json\/wp\/v2\/users\/1"}],"replies":[{"embeddable":true,"href":"http:\/\/bkn.fr\/de\/wp-json\/wp\/v2\/comments?post=23608"}],"version-history":[{"count":3,"href":"http:\/\/bkn.fr\/de\/wp-json\/wp\/v2\/pages\/23608\/revisions"}],"predecessor-version":[{"id":35354,"href":"http:\/\/bkn.fr\/de\/wp-json\/wp\/v2\/pages\/23608\/revisions\/35354"}],"wp:attachment":[{"href":"http:\/\/bkn.fr\/de\/wp-json\/wp\/v2\/media?parent=23608"}],"curies":[{"name":"wp","href":"https:\/\/api.w.org\/{rel}","templated":true}]}}